{"id":2,"date":"2012-10-21T10:47:54","date_gmt":"2012-10-21T10:47:54","guid":{"rendered":"http:\/\/aliacutis.tinofrost.de\/?page_id=2"},"modified":"2019-04-30T18:39:46","modified_gmt":"2019-04-30T17:39:46","slug":"beispiel-seite","status":"publish","type":"page","link":"https:\/\/alia-cutis.de\/","title":{"rendered":"Herzlich willkommen bei alia cutis \u2013 der Seite f\u00fcr k\u00fcnstlerisch individuelle K\u00f6rpermalerei"},"content":{"rendered":"<p style=\"text-align: justify;\"><a href=\"http:\/\/alia-cutis.de\/wp-content\/uploads\/2012\/10\/Beispielfoto1.jpg\"><img decoding=\"async\" loading=\"lazy\" class=\"wp-image-314 alignright\" src=\"http:\/\/alia-cutis.de\/wp-content\/uploads\/2012\/10\/Beispielfoto1.jpg\" alt=\"Beispielfoto1\" width=\"430\" height=\"539\" \/><\/a><\/p>\n<p style=\"text-align: justify;\">K\u00f6rpermalerei kann in viele Lebensbereiche hineinreichen.<\/p>\n<p style=\"text-align: justify;\">Der K\u00f6rper fungiert als dreidimensionale Leinwand und durch das Wechselspiel zwischen Mensch und Farbe entsteht eine andere Haut, die zu einer neuen Identit\u00e4t, zu einem lebenden Kunstwerk wird.<\/p>\n<p>&nbsp;<\/p>\n<p>&nbsp;<\/p>\n","protected":false},"excerpt":{"rendered":"<p>K\u00f6rpermalerei kann in viele Lebensbereiche hineinreichen. Der K\u00f6rper fungiert als dreidimensionale Leinwand und durch das Wechselspiel zwischen Mensch und Farbe entsteht eine andere Haut, die zu einer neuen Identit\u00e4t, zu einem lebenden Kunstwerk wird. &nbsp; &nbsp;<\/p>\n","protected":false},"author":1,"featured_media":27,"parent":0,"menu_order":0,"comment_status":"closed","ping_status":"open","template":"","meta":{"ngg_post_thumbnail":0},"_links":{"self":[{"href":"https:\/\/alia-cutis.de\/index.php?rest_route=\/wp\/v2\/pages\/2"}],"collection":[{"href":"https:\/\/alia-cutis.de\/index.php?rest_route=\/wp\/v2\/pages"}],"about":[{"href":"https:\/\/alia-cutis.de\/index.php?rest_route=\/wp\/v2\/types\/page"}],"author":[{"embeddable":true,"href":"https:\/\/alia-cutis.de\/index.php?rest_route=\/wp\/v2\/users\/1"}],"replies":[{"embeddable":true,"href":"https:\/\/alia-cutis.de\/index.php?rest_route=%2Fwp%2Fv2%2Fcomments&post=2"}],"version-history":[{"count":32,"href":"https:\/\/alia-cutis.de\/index.php?rest_route=\/wp\/v2\/pages\/2\/revisions"}],"predecessor-version":[{"id":319,"href":"https:\/\/alia-cutis.de\/index.php?rest_route=\/wp\/v2\/pages\/2\/revisions\/319"}],"wp:featuredmedia":[{"embeddable":true,"href":"https:\/\/alia-cutis.de\/index.php?rest_route=\/wp\/v2\/media\/27"}],"wp:attachment":[{"href":"https:\/\/alia-cutis.de\/index.php?rest_route=%2Fwp%2Fv2%2Fmedia&parent=2"}],"curies":[{"name":"wp","href":"https:\/\/api.w.org\/{rel}","templated":true}]}}